{"id":1349,"date":"2020-12-28T19:53:13","date_gmt":"2020-12-28T19:53:13","guid":{"rendered":"https:\/\/institutodefilosofia.udp.cl\/cms\/?page_id=1349"},"modified":"2024-05-06T19:25:06","modified_gmt":"2024-05-06T22:25:06","slug":"reglamentos","status":"publish","type":"page","link":"https:\/\/institutodefilosofia.udp.cl\/en\/reglamentos\/","title":{"rendered":"Regulations"},"content":{"rendered":"<p>(In Spanish):<\/p>\n<ul>\n<li><a href=\"https:\/\/institutodefilosofia.udp.cl\/cms\/wp-content\/uploads\/2020\/12\/RESOLUCIO\u0301N-DE-RECTORI\u0301A-No-43-NORMATIVA-PREVENCION-Y-SANCION-ACCIONES-DE-VIOLENCIA-SEXUAL-DIC-2018.pdf\">Normativa de prevenci\u00f3n y sanci\u00f3n de acciones de discriminaci\u00f3n, violencia sexual y de g\u00e9nero<\/a><\/li>\n<li><a href=\"https:\/\/institutodefilosofia.udp.cl\/cms\/wp-content\/uploads\/2020\/12\/Reglamento-General-de-Estudios-de-Postgrado-y-Educacion-Continua.pdf\">Reglamento General de Estudios de Postgrado, Universidad Diego Portales<\/a><\/li>\n<li><a href=\"https:\/\/institutodefilosofia.udp.cl\/cms\/wp-content\/uploads\/2020\/12\/Reglamento-del-Estudiante-de-Postgrado-y-Educacion-Continua.pdf\">Reglamento del estudiante de Postgrado, Universidad Diego Portales<\/a><\/li>\n<li><a href=\"https:\/\/institutodefilosofia.udp.cl\/cms\/wp-content\/uploads\/2020\/12\/Reglamento-de-Estudios-de-Doctorado.pdf\">Reglamento de estudios de Doctorado, Universidad Diego Portales<\/a><\/li>\n<li><a href=\"https:\/\/institutodefilosofia.udp.cl\/cms\/wp-content\/uploads\/2021\/05\/RESOLUCION-N102-Reglamento-doctorado-en-filosofia-octubre-2020.pdf\">Reglamento interno del Doctorado en Filosof\u00eda<\/a><\/li>\n<li><a href=\"http:\/\/institutodefilosofia.udp.cl\/wp-content\/uploads\/2017\/01\/reglamento-mag%C3%ADster-2018.pdf\">Reglamento Mag\u00edster en Pensamiento Contempor\u00e1neo<\/a><\/li>\n<li><a href=\"http:\/\/institutodefilosofia.udp.cl\/wp-content\/uploads\/2017\/01\/TESIS_PAUTA_UDP_2014.pdf\" target=\"_blank\" rel=\"noopener noreferrer\">Formato de Presentaci\u00f3n de Tesis, Universidad Diego Portales<\/a><\/li>\n<li><a href=\"http:\/\/institutodefilosofia.udp.cl\/wp-content\/uploads\/2017\/01\/Reglamento-Programa-Diploma-de-Honores-2018.pdf\">Reglamento Diploma de Honores en Pensamiento Contempor\u00e1neo<\/a><\/li>\n<\/ul>\n<p><\/p>","protected":false},"excerpt":{"rendered":"<p>(In Spanish): Normativa de prevenci\u00f3n y sanci\u00f3n de acciones de discriminaci\u00f3n, violencia sexual y de g\u00e9nero Reglamento General de Estudios de Postgrado, Universidad Diego Portales Reglamento del estudiante de Postgrado, Universidad Diego Portales Reglamento de estudios de Doctorado, Universidad Diego Portales Reglamento interno del Doctorado en Filosof\u00eda Reglamento Mag\u00edster en Pensamiento Contempor\u00e1neo Formato de Presentaci\u00f3n [&hellip;]<\/p>\n","protected":false},"author":4,"featured_media":0,"parent":0,"menu_order":0,"comment_status":"closed","ping_status":"closed","template":"","meta":{"_acf_changed":false,"footnotes":""},"class_list":["post-1349","page","type-page","status-publish","hentry"],"acf":[],"_links":{"self":[{"href":"https:\/\/institutodefilosofia.udp.cl\/en\/wp-json\/wp\/v2\/pages\/1349"}],"collection":[{"href":"https:\/\/institutodefilosofia.udp.cl\/en\/wp-json\/wp\/v2\/pages"}],"about":[{"href":"https:\/\/institutodefilosofia.udp.cl\/en\/wp-json\/wp\/v2\/types\/page"}],"author":[{"embeddable":true,"href":"https:\/\/institutodefilosofia.udp.cl\/en\/wp-json\/wp\/v2\/users\/4"}],"replies":[{"embeddable":true,"href":"https:\/\/institutodefilosofia.udp.cl\/en\/wp-json\/wp\/v2\/comments?post=1349"}],"version-history":[{"count":8,"href":"https:\/\/institutodefilosofia.udp.cl\/en\/wp-json\/wp\/v2\/pages\/1349\/revisions"}],"predecessor-version":[{"id":4544,"href":"https:\/\/institutodefilosofia.udp.cl\/en\/wp-json\/wp\/v2\/pages\/1349\/revisions\/4544"}],"wp:attachment":[{"href":"https:\/\/institutodefilosofia.udp.cl\/en\/wp-json\/wp\/v2\/media?parent=1349"}],"curies":[{"name":"wp","href":"https:\/\/api.w.org\/{rel}","templated":true}]}}