{"id":2252,"date":"2022-01-03T11:24:46","date_gmt":"2022-01-03T14:24:46","guid":{"rendered":"https:\/\/institutodefilosofia.udp.cl\/?page_id=2252"},"modified":"2026-01-05T17:47:51","modified_gmt":"2026-01-05T20:47:51","slug":"diplomado-en-filosofia-politica-moderna-y-contemporanea","status":"publish","type":"page","link":"https:\/\/institutodefilosofia.udp.cl\/en\/programas-de-estudio\/diplomado-en-filosofia-politica-moderna-y-contemporanea\/","title":{"rendered":"(Espa\u00f1ol) Diplomado en Filosof\u00eda Pol\u00edtica Moderna y Contempor\u00e1nea"},"content":{"rendered":"<p class=\"qtranxs-available-languages-message qtranxs-available-languages-message-en\">Sorry, this entry is only available in <a href=\"https:\/\/institutodefilosofia.udp.cl\/es\/wp-json\/wp\/v2\/pages\/2252\" class=\"qtranxs-available-language-link qtranxs-available-language-link-es\" title=\"Espa\u00f1ol\">Espa\u00f1ol<\/a>.<\/p>","protected":false},"excerpt":{"rendered":"<p>Sorry, this entry is only available in Espa\u00f1ol.<\/p>\n","protected":false},"author":4,"featured_media":184,"parent":40,"menu_order":5,"comment_status":"closed","ping_status":"closed","template":"program-template.php","meta":{"_acf_changed":false,"footnotes":""},"class_list":["post-2252","page","type-page","status-publish","has-post-thumbnail","hentry"],"acf":[],"_links":{"self":[{"href":"https:\/\/institutodefilosofia.udp.cl\/en\/wp-json\/wp\/v2\/pages\/2252"}],"collection":[{"href":"https:\/\/institutodefilosofia.udp.cl\/en\/wp-json\/wp\/v2\/pages"}],"about":[{"href":"https:\/\/institutodefilosofia.udp.cl\/en\/wp-json\/wp\/v2\/types\/page"}],"author":[{"embeddable":true,"href":"https:\/\/institutodefilosofia.udp.cl\/en\/wp-json\/wp\/v2\/users\/4"}],"replies":[{"embeddable":true,"href":"https:\/\/institutodefilosofia.udp.cl\/en\/wp-json\/wp\/v2\/comments?post=2252"}],"version-history":[{"count":29,"href":"https:\/\/institutodefilosofia.udp.cl\/en\/wp-json\/wp\/v2\/pages\/2252\/revisions"}],"predecessor-version":[{"id":5522,"href":"https:\/\/institutodefilosofia.udp.cl\/en\/wp-json\/wp\/v2\/pages\/2252\/revisions\/5522"}],"up":[{"embeddable":true,"href":"https:\/\/institutodefilosofia.udp.cl\/en\/wp-json\/wp\/v2\/pages\/40"}],"wp:featuredmedia":[{"embeddable":true,"href":"https:\/\/institutodefilosofia.udp.cl\/en\/wp-json\/wp\/v2\/media\/184"}],"wp:attachment":[{"href":"https:\/\/institutodefilosofia.udp.cl\/en\/wp-json\/wp\/v2\/media?parent=2252"}],"curies":[{"name":"wp","href":"https:\/\/api.w.org\/{rel}","templated":true}]}}