{"id":3591,"date":"2023-09-12T12:06:20","date_gmt":"2023-09-12T15:06:20","guid":{"rendered":"https:\/\/institutodefilosofia.udp.cl\/?page_id=3591"},"modified":"2024-05-07T17:20:36","modified_gmt":"2024-05-07T20:20:36","slug":"grupo-de-lectura-kant-critica-de-la-razon-pura","status":"publish","type":"page","link":"https:\/\/institutodefilosofia.udp.cl\/en\/grupo-de-lectura-kant-critica-de-la-razon-pura\/","title":{"rendered":"(Espa\u00f1ol) Grupo de lectura Kant: Cr\u00edtica de la Raz\u00f3n Pura"},"content":{"rendered":"<p class=\"qtranxs-available-languages-message qtranxs-available-languages-message-en\">Sorry, this entry is only available in <a href=\"https:\/\/institutodefilosofia.udp.cl\/es\/wp-json\/wp\/v2\/pages\/3591\" class=\"qtranxs-available-language-link qtranxs-available-language-link-es\" title=\"Espa\u00f1ol\">Espa\u00f1ol<\/a>.<\/p>","protected":false},"excerpt":{"rendered":"<p>Sorry, this entry is only available in Espa\u00f1ol.<\/p>\n","protected":false},"author":4,"featured_media":0,"parent":0,"menu_order":0,"comment_status":"closed","ping_status":"closed","template":"","meta":{"_acf_changed":false,"footnotes":""},"class_list":["post-3591","page","type-page","status-publish","hentry"],"acf":[],"_links":{"self":[{"href":"https:\/\/institutodefilosofia.udp.cl\/en\/wp-json\/wp\/v2\/pages\/3591"}],"collection":[{"href":"https:\/\/institutodefilosofia.udp.cl\/en\/wp-json\/wp\/v2\/pages"}],"about":[{"href":"https:\/\/institutodefilosofia.udp.cl\/en\/wp-json\/wp\/v2\/types\/page"}],"author":[{"embeddable":true,"href":"https:\/\/institutodefilosofia.udp.cl\/en\/wp-json\/wp\/v2\/users\/4"}],"replies":[{"embeddable":true,"href":"https:\/\/institutodefilosofia.udp.cl\/en\/wp-json\/wp\/v2\/comments?post=3591"}],"version-history":[{"count":17,"href":"https:\/\/institutodefilosofia.udp.cl\/en\/wp-json\/wp\/v2\/pages\/3591\/revisions"}],"predecessor-version":[{"id":4560,"href":"https:\/\/institutodefilosofia.udp.cl\/en\/wp-json\/wp\/v2\/pages\/3591\/revisions\/4560"}],"wp:attachment":[{"href":"https:\/\/institutodefilosofia.udp.cl\/en\/wp-json\/wp\/v2\/media?parent=3591"}],"curies":[{"name":"wp","href":"https:\/\/api.w.org\/{rel}","templated":true}]}}