{"id":4194,"date":"2024-01-17T10:51:21","date_gmt":"2024-01-17T13:51:21","guid":{"rendered":"https:\/\/institutodefilosofia.udp.cl\/?page_id=4194"},"modified":"2025-04-24T00:57:09","modified_gmt":"2025-04-24T03:57:09","slug":"grupo-de-estudios-idealismo-critico","status":"publish","type":"page","link":"https:\/\/institutodefilosofia.udp.cl\/en\/grupo-de-estudios-idealismo-critico\/","title":{"rendered":"RESEARCH GROUP CRITICAL IDEALISM"},"content":{"rendered":"<p>The research group \u201cCritical Idealism\u201d (GEIC) specializes in the philosophy of Immanuel Kant and different variants of transcendental philosophy. The group was established in 2014 and is part of the research line \u201cContemporary Theories of Rationality\u201d of the Instituto of Philosophy. Current research topics include Kantian Philosophy, German Idealism, and Neo-Kantianism. The group develops projects at both national and international levels and organizes symposiums for the dissemination and exchange of its results. Reading and discussion seminars are held in which both undergraduate and graduate students and professors participate. The group&#8217;s activities are framed within cooperation agreements with the Germano-Latin American Network for Research and Doctoral Studies in Philosophy (FILORED), Leiden University (Netherlands), Free University of Amsterdam (Netherlands), City University of Hong Kong (Hong Kong), Federal University of Pernambuco (Brazil), and Alberto Hurtado University.<\/p>\n<p>&nbsp;<\/p>\n<p><strong>Professors and Researchers <\/strong><\/p>\n<p>Hugo Herrera, School of Law.<\/p>\n<p>Jacinto P\u00e1ez Bonifaci, Institute of Philosophy.<\/p>\n<p>Hern\u00e1n Pringe, Institute of Philosophy. (Research Group Director)<\/p>\n<p><strong>\u00a0<\/strong><\/p>\n<p><strong>Associated Members from other institutions<\/strong><\/p>\n<p>Juan Adolfo Bonaccini (\u2020), Federal University of Pernambuco (Brazil); Alejandra Baehr, Alberto Hurtado University (Chile); Mario Caimi, University of Buenos Aires (Argentina); Antonino Falduto, University of Ferrara (Italy), Juan Manuel Garrido, Alberto Hurtado University (Chile); Mario Gonz\u00e1lez Porta, Pontifical Catholic University of S\u00e3o Paulo (Brazil); Heiner Klemme, Martin Luther University Halle-Wittenberg (Germany); Christian Krijnen, Free University of Amsterdam (Netherlands); Luciana Mart\u00ednez, University of Lisbon (Portugal); Fernando Moledo, FernUniversit\u00e4t in Hagen (Germany); Eduardo Molina, Alberto Hurtado University (Chile); Gregory Moss, City University of Hong Kong (Hong Kong); Laura Pelegr\u00edn, University of Buenos Aires (Argentina); Marcos Thisted, University of Buenos Aires (Argentina); Nicol\u00e1s Trujillo, Andr\u00e9s Bello University (Chile).<\/p>\n<p>&nbsp;<\/p>\n<p><strong>Doctoral Students<\/strong><\/p>\n<p>Feyie Ferr\u00e1n, Institute of Philosophy, UDP<\/p>\n<p>Daniel Pantoja, Institute of Philosophy, UDP<\/p>\n<p>Nicol\u00e1s Silva, Department of Philosophy, UAH<\/p>\n<p>Fernando Turri, Institute of Philosophy, UDP<\/p>\n<p><strong>\u00a0<\/strong><\/p>\n<p><strong>Master&#8217;s Students<\/strong><\/p>\n<p>Juan Andr\u00e9s Vargas, Institute of Philosophy, UDP<\/p>\n<p><strong>\u00a0<\/strong><\/p>\n<p><strong>Publications<\/strong><\/p>\n<p>As a result of cooperation among group members, and beyond individual publications, the following collective volumes can be noted:<\/p>\n<p><em>Problems of Reason: Kant in Context <\/em>(Antonino Falduto ed.), Kant-Studien Erg\u00e4nzungshefte, de Gruyter, Berlin, 2024 (in press).<\/p>\n<p><em>The Being of Negation in Post-Kantian Philosophy<\/em>, (Gregory Moss ed.), Springer, 2022.<\/p>\n<p><em>Kant und Hegel \u00fcber Freiheit<\/em> (W. Flach y C. Krijnen, eds.), Critical Studies in German Idealism 29, 2021.<\/p>\n<p><em>Investigaciones kantianas<\/em> (F. Neto, H. Pringe, eds.), Editora UFPE, Recife, 2018.<\/p>\n<p>Special Issue: <em>Subjectivities<\/em>, CR: The New Centennial Review, Vol. 17, No. 2, Fall 2017.<\/p>\n<p><em>Perspectives n\u00e9okantiennes<\/em> (J.M. Garrido ed.), Hermann, Paris, 2017.<\/p>\n<p><em>Cr\u00edtica y Metaf\u00edsica<\/em> (C. J\u00e1uregui, F. Moledo, H. Pringe, M. Thisted eds.), Olms, Hildesheim, 2015.<\/p>\n<p>&nbsp;<\/p>\n<p><strong>Completed Doctoral Theses<\/strong><\/p>\n<p>Nicol\u00e1s Vargas&#8217; thesis &#8220;The problems of the origin of knowledge in transcendental philosophy and its interpretation in Martin Heidegger\u2019s lectures between 1925 and 1929&#8221;, defended at the Universidad Diego Portales (Chile) on December 17, 2018.<\/p>\n<p>Constanza Terra&#8217;s thesis &#8220;Life, will to power, and disappropriation: a reading on the late-mature notion of life in Nietzsche&#8221;, defended at Leiden University (Netherlands) on May 15, 2019.<\/p>\n<p>Nicol\u00e1s Trujillo&#8217;s thesis &#8220;The life of an infinite task: the problem of consciousness in Paul Nattorp\u2019s General Psychology&#8221;, defended at Leiden University (Netherlands) on December 9, 2020.<\/p>\n<p>Jacinto P\u00e1ez&#8217;s thesis &#8220;Wilhelm Windelband\u2019s historical philosophy: the Path from Neo-Kantianism to Neo-Hegelianism&#8221;, defended at FernUniversit\u00e4t in Hagen (Germany) on June 2, 2021.<\/p>\n<p>Diego P\u00e9rez&#8217;s thesis &#8220;Hermeneutic reaches of Carl Schmitt\u2019s legal thought&#8221;, defended at FernUniversit\u00e4t in Hagen (Germany) in June 2022.<\/p>\n<p>Laura Pelegr\u00edn&#8217;s thesis &#8220;Paul Natorp\u00b4s Reformulation of the Kantian Distinction between Intuition and Concept&#8221;, defended at Leiden University (Netherlands) on July 6, 2023.<\/p>\n<p>&nbsp;<\/p>\n<p><strong>Ongoing FONDECYT Projects<\/strong><\/p>\n<p>Friedrich H\u00f6lderlin and the problem of access to being. Critical study based on three interpretations. Fondecyt Project 1230072.<\/p>\n<p>&nbsp;<\/p>\n<p><strong>Activities 2024<\/strong><\/p>\n<ul>\n<li>Reading group &#8220;The Antinomy of Pure Reason&#8221;. Online activity. Since February 2024.<\/li>\n<li>GEK-GEIC Lecture Series (in collaboration with the Kantian Studies Group, Buenos Aires, Argentina). Online activity, April 18, 2024.<\/li>\n<li>Virtual Kant Congress with a Cosmopolitan Purpose (Leuven Research Group in Classical German Philosophy and North American Kant Society) Online activity. Since March 2024. www.virtualkantcongress.org\/virtual-kant-congress.<\/li>\n<\/ul>\n<p>Contact: hernan.pringe@mail.udp.cl<\/p>","protected":false},"excerpt":{"rendered":"<p>The research group \u201cCritical Idealism\u201d (GEIC) specializes in the philosophy of Immanuel Kant and different variants of transcendental philosophy. The group was established in 2014 and is part of the research line \u201cContemporary Theories of Rationality\u201d of the Instituto of Philosophy. Current research topics include Kantian Philosophy, German Idealism, and Neo-Kantianism. The group develops projects [&hellip;]<\/p>\n","protected":false},"author":4,"featured_media":4200,"parent":0,"menu_order":0,"comment_status":"closed","ping_status":"closed","template":"","meta":{"_acf_changed":false,"footnotes":""},"class_list":["post-4194","page","type-page","status-publish","has-post-thumbnail","hentry"],"acf":[],"_links":{"self":[{"href":"https:\/\/institutodefilosofia.udp.cl\/en\/wp-json\/wp\/v2\/pages\/4194"}],"collection":[{"href":"https:\/\/institutodefilosofia.udp.cl\/en\/wp-json\/wp\/v2\/pages"}],"about":[{"href":"https:\/\/institutodefilosofia.udp.cl\/en\/wp-json\/wp\/v2\/types\/page"}],"author":[{"embeddable":true,"href":"https:\/\/institutodefilosofia.udp.cl\/en\/wp-json\/wp\/v2\/users\/4"}],"replies":[{"embeddable":true,"href":"https:\/\/institutodefilosofia.udp.cl\/en\/wp-json\/wp\/v2\/comments?post=4194"}],"version-history":[{"count":29,"href":"https:\/\/institutodefilosofia.udp.cl\/en\/wp-json\/wp\/v2\/pages\/4194\/revisions"}],"predecessor-version":[{"id":5164,"href":"https:\/\/institutodefilosofia.udp.cl\/en\/wp-json\/wp\/v2\/pages\/4194\/revisions\/5164"}],"wp:featuredmedia":[{"embeddable":true,"href":"https:\/\/institutodefilosofia.udp.cl\/en\/wp-json\/wp\/v2\/media\/4200"}],"wp:attachment":[{"href":"https:\/\/institutodefilosofia.udp.cl\/en\/wp-json\/wp\/v2\/media?parent=4194"}],"curies":[{"name":"wp","href":"https:\/\/api.w.org\/{rel}","templated":true}]}}