{"id":4732,"date":"2024-07-22T12:53:57","date_gmt":"2024-07-22T15:53:57","guid":{"rendered":"https:\/\/institutodefilosofia.udp.cl\/?page_id=4732"},"modified":"2024-07-22T15:12:35","modified_gmt":"2024-07-22T18:12:35","slug":"grupo-kant-critica-de-la-razon-practica","status":"publish","type":"page","link":"https:\/\/institutodefilosofia.udp.cl\/en\/grupo-kant-critica-de-la-razon-practica\/","title":{"rendered":"(Espa\u00f1ol) Grupo Kant: Cr\u00edtica de la raz\u00f3n pr\u00e1ctica"},"content":{"rendered":"<p class=\"qtranxs-available-languages-message qtranxs-available-languages-message-en\">Sorry, this entry is only available in <a href=\"https:\/\/institutodefilosofia.udp.cl\/es\/wp-json\/wp\/v2\/pages\/4732\" class=\"qtranxs-available-language-link qtranxs-available-language-link-es\" title=\"Espa\u00f1ol\">Espa\u00f1ol<\/a>.<\/p>","protected":false},"excerpt":{"rendered":"<p>Sorry, this entry is only available in Espa\u00f1ol.<\/p>\n","protected":false},"author":4,"featured_media":0,"parent":0,"menu_order":0,"comment_status":"closed","ping_status":"closed","template":"","meta":{"_acf_changed":false,"footnotes":""},"class_list":["post-4732","page","type-page","status-publish","hentry"],"acf":[],"_links":{"self":[{"href":"https:\/\/institutodefilosofia.udp.cl\/en\/wp-json\/wp\/v2\/pages\/4732"}],"collection":[{"href":"https:\/\/institutodefilosofia.udp.cl\/en\/wp-json\/wp\/v2\/pages"}],"about":[{"href":"https:\/\/institutodefilosofia.udp.cl\/en\/wp-json\/wp\/v2\/types\/page"}],"author":[{"embeddable":true,"href":"https:\/\/institutodefilosofia.udp.cl\/en\/wp-json\/wp\/v2\/users\/4"}],"replies":[{"embeddable":true,"href":"https:\/\/institutodefilosofia.udp.cl\/en\/wp-json\/wp\/v2\/comments?post=4732"}],"version-history":[{"count":3,"href":"https:\/\/institutodefilosofia.udp.cl\/en\/wp-json\/wp\/v2\/pages\/4732\/revisions"}],"predecessor-version":[{"id":4738,"href":"https:\/\/institutodefilosofia.udp.cl\/en\/wp-json\/wp\/v2\/pages\/4732\/revisions\/4738"}],"wp:attachment":[{"href":"https:\/\/institutodefilosofia.udp.cl\/en\/wp-json\/wp\/v2\/media?parent=4732"}],"curies":[{"name":"wp","href":"https:\/\/api.w.org\/{rel}","templated":true}]}}