{"id":5124,"date":"2025-04-24T00:15:13","date_gmt":"2025-04-24T03:15:13","guid":{"rendered":"https:\/\/institutodefilosofia.udp.cl\/?page_id=5124"},"modified":"2025-04-24T00:43:46","modified_gmt":"2025-04-24T03:43:46","slug":"grupo-de-lectura-heidegger-lector-de-aristoteles-conceptos-fundamentales-de-la-filosofia-aristotelica","status":"publish","type":"page","link":"https:\/\/institutodefilosofia.udp.cl\/en\/fenomenologia-y-hermeneutica\/grupo-de-lectura-heidegger-lector-de-aristoteles-conceptos-fundamentales-de-la-filosofia-aristotelica\/","title":{"rendered":"(Espa\u00f1ol) Grupo de lectura \u00abHeidegger, lector de Arist\u00f3teles. Conceptos fundamentales de la filosof\u00eda Aristot\u00e9lica\u00bb"},"content":{"rendered":"<p class=\"qtranxs-available-languages-message qtranxs-available-languages-message-en\">Sorry, this entry is only available in <a href=\"https:\/\/institutodefilosofia.udp.cl\/es\/wp-json\/wp\/v2\/pages\/5124\" class=\"qtranxs-available-language-link qtranxs-available-language-link-es\" title=\"Espa\u00f1ol\">Espa\u00f1ol<\/a>.<\/p>","protected":false},"excerpt":{"rendered":"<p>Sorry, this entry is only available in Espa\u00f1ol.<\/p>\n","protected":false},"author":15,"featured_media":0,"parent":3258,"menu_order":0,"comment_status":"closed","ping_status":"closed","template":"","meta":{"_acf_changed":false,"footnotes":""},"class_list":["post-5124","page","type-page","status-publish","hentry"],"acf":[],"_links":{"self":[{"href":"https:\/\/institutodefilosofia.udp.cl\/en\/wp-json\/wp\/v2\/pages\/5124"}],"collection":[{"href":"https:\/\/institutodefilosofia.udp.cl\/en\/wp-json\/wp\/v2\/pages"}],"about":[{"href":"https:\/\/institutodefilosofia.udp.cl\/en\/wp-json\/wp\/v2\/types\/page"}],"author":[{"embeddable":true,"href":"https:\/\/institutodefilosofia.udp.cl\/en\/wp-json\/wp\/v2\/users\/15"}],"replies":[{"embeddable":true,"href":"https:\/\/institutodefilosofia.udp.cl\/en\/wp-json\/wp\/v2\/comments?post=5124"}],"version-history":[{"count":2,"href":"https:\/\/institutodefilosofia.udp.cl\/en\/wp-json\/wp\/v2\/pages\/5124\/revisions"}],"predecessor-version":[{"id":5126,"href":"https:\/\/institutodefilosofia.udp.cl\/en\/wp-json\/wp\/v2\/pages\/5124\/revisions\/5126"}],"up":[{"embeddable":true,"href":"https:\/\/institutodefilosofia.udp.cl\/en\/wp-json\/wp\/v2\/pages\/3258"}],"wp:attachment":[{"href":"https:\/\/institutodefilosofia.udp.cl\/en\/wp-json\/wp\/v2\/media?parent=5124"}],"curies":[{"name":"wp","href":"https:\/\/api.w.org\/{rel}","templated":true}]}}