{"id":5249,"date":"2025-07-30T13:54:18","date_gmt":"2025-07-30T16:54:18","guid":{"rendered":"https:\/\/institutodefilosofia.udp.cl\/?page_id=5249"},"modified":"2025-07-31T00:49:05","modified_gmt":"2025-07-31T03:49:05","slug":"grupo-de-lectura-baruch-spinoza-etica-demostrada-segun-el-orden-geometrico","status":"publish","type":"page","link":"https:\/\/institutodefilosofia.udp.cl\/en\/grupo-de-estudio-ontologias-del-presente\/grupo-de-lectura-baruch-spinoza-etica-demostrada-segun-el-orden-geometrico\/","title":{"rendered":"(Espa\u00f1ol) Grupo de lectura \u00abBaruch Spinoza \u2013 &#8220;\u00c9tica demostrada seg\u00fan el orden geom\u00e9trico&#8221;\u00bb"},"content":{"rendered":"<p class=\"qtranxs-available-languages-message qtranxs-available-languages-message-en\">Sorry, this entry is only available in <a href=\"https:\/\/institutodefilosofia.udp.cl\/es\/wp-json\/wp\/v2\/pages\/5249\" class=\"qtranxs-available-language-link qtranxs-available-language-link-es\" title=\"Espa\u00f1ol\">Espa\u00f1ol<\/a>.<\/p>","protected":false},"excerpt":{"rendered":"<p>Sorry, this entry is only available in Espa\u00f1ol.<\/p>\n","protected":false},"author":15,"featured_media":0,"parent":5104,"menu_order":0,"comment_status":"closed","ping_status":"closed","template":"","meta":{"_acf_changed":false,"footnotes":""},"class_list":["post-5249","page","type-page","status-publish","hentry"],"acf":[],"_links":{"self":[{"href":"https:\/\/institutodefilosofia.udp.cl\/en\/wp-json\/wp\/v2\/pages\/5249"}],"collection":[{"href":"https:\/\/institutodefilosofia.udp.cl\/en\/wp-json\/wp\/v2\/pages"}],"about":[{"href":"https:\/\/institutodefilosofia.udp.cl\/en\/wp-json\/wp\/v2\/types\/page"}],"author":[{"embeddable":true,"href":"https:\/\/institutodefilosofia.udp.cl\/en\/wp-json\/wp\/v2\/users\/15"}],"replies":[{"embeddable":true,"href":"https:\/\/institutodefilosofia.udp.cl\/en\/wp-json\/wp\/v2\/comments?post=5249"}],"version-history":[{"count":4,"href":"https:\/\/institutodefilosofia.udp.cl\/en\/wp-json\/wp\/v2\/pages\/5249\/revisions"}],"predecessor-version":[{"id":5261,"href":"https:\/\/institutodefilosofia.udp.cl\/en\/wp-json\/wp\/v2\/pages\/5249\/revisions\/5261"}],"up":[{"embeddable":true,"href":"https:\/\/institutodefilosofia.udp.cl\/en\/wp-json\/wp\/v2\/pages\/5104"}],"wp:attachment":[{"href":"https:\/\/institutodefilosofia.udp.cl\/en\/wp-json\/wp\/v2\/media?parent=5249"}],"curies":[{"name":"wp","href":"https:\/\/api.w.org\/{rel}","templated":true}]}}