{"id":69,"date":"2020-10-08T17:37:35","date_gmt":"2020-10-08T17:37:35","guid":{"rendered":"https:\/\/institutodefilosofia.udp.cl\/cms\/?page_id=69"},"modified":"2025-01-22T16:14:45","modified_gmt":"2025-01-22T19:14:45","slug":"convenios-de-cooperacion","status":"publish","type":"page","link":"https:\/\/institutodefilosofia.udp.cl\/en\/convenios-de-cooperacion\/","title":{"rendered":"Cooperation Agreements"},"content":{"rendered":"<p>The Institute of Philosophy (IDF) of Diego Portales University has signed a series of cooperation agreements with academic programs and research centers around the world.<\/p>\n<p><strong>IDF has signed <span class=\"Y2IQFc\" lang=\"en\">doctoral co-tutorship agreements with<\/span>:<\/strong><\/p>\n<p>Instituto de Filosof\u00eda de la Universidad de Leiden<br \/>\nRed Germano-Latinoamericana de Investigaci\u00f3n y Doctorado en Filosof\u00eda, FILORED.<\/p>\n<p><strong>Others co-tutorship agreements:<\/strong><\/p>\n<p>Radboud Universiteit Nijmegen (Netherlands)<br \/>\nUniversidad de Navarra (Espa\u00f1a)<\/p>\n<p><strong>IDF has signed cooperation agreements with:<\/strong><\/p>\n<p>Department of Comparative Literature at the State University of New York at Buffalo<br \/>\nDepartment of Philosophy of the University of Paris West Nanterre La D\u00e9fense<br \/>\nUniversity of the Andes in Colombia<br \/>\nNational University of Tres de Febrero (UNTREF)<br \/>\nUniversidad Complutense de Madrid<br \/>\nChinese University of Hong Kong<\/p>\n<p>The Institute of Philosophy aims to continue increasing the number of international agreements with a view to continuously improving the quality of its programs, offering the possibility of participating in an even greater diversity of student exchanges and international research projects.<\/p>","protected":false},"excerpt":{"rendered":"<p>The Institute of Philosophy (IDF) of Diego Portales University has signed a series of cooperation agreements with academic programs and research centers around the world. IDF has signed doctoral co-tutorship agreements with: Instituto de Filosof\u00eda de la Universidad de Leiden Red Germano-Latinoamericana de Investigaci\u00f3n y Doctorado en Filosof\u00eda, FILORED. Others co-tutorship agreements: Radboud Universiteit Nijmegen [&hellip;]<\/p>\n","protected":false},"author":3,"featured_media":0,"parent":0,"menu_order":6,"comment_status":"closed","ping_status":"closed","template":"","meta":{"_acf_changed":false,"footnotes":""},"class_list":["post-69","page","type-page","status-publish","hentry"],"acf":[],"_links":{"self":[{"href":"https:\/\/institutodefilosofia.udp.cl\/en\/wp-json\/wp\/v2\/pages\/69"}],"collection":[{"href":"https:\/\/institutodefilosofia.udp.cl\/en\/wp-json\/wp\/v2\/pages"}],"about":[{"href":"https:\/\/institutodefilosofia.udp.cl\/en\/wp-json\/wp\/v2\/types\/page"}],"author":[{"embeddable":true,"href":"https:\/\/institutodefilosofia.udp.cl\/en\/wp-json\/wp\/v2\/users\/3"}],"replies":[{"embeddable":true,"href":"https:\/\/institutodefilosofia.udp.cl\/en\/wp-json\/wp\/v2\/comments?post=69"}],"version-history":[{"count":17,"href":"https:\/\/institutodefilosofia.udp.cl\/en\/wp-json\/wp\/v2\/pages\/69\/revisions"}],"predecessor-version":[{"id":5001,"href":"https:\/\/institutodefilosofia.udp.cl\/en\/wp-json\/wp\/v2\/pages\/69\/revisions\/5001"}],"wp:attachment":[{"href":"https:\/\/institutodefilosofia.udp.cl\/en\/wp-json\/wp\/v2\/media?parent=69"}],"curies":[{"name":"wp","href":"https:\/\/api.w.org\/{rel}","templated":true}]}}